



{"id":5572,"date":"2024-05-01T22:59:01","date_gmt":"2024-05-01T22:59:01","guid":{"rendered":"http:\/\/www.croosp.org.br\/?page_id=5572"},"modified":"2024-05-01T22:59:01","modified_gmt":"2024-05-01T22:59:01","slug":"canal-de-denuncia","status":"publish","type":"page","link":"https:\/\/www.croosp.org.br\/index.php\/canal-de-denuncia\/","title":{"rendered":"Canal de Den\u00fancia"},"content":{"rendered":"<p style=\"text-align: center;\"><div class=\"wpforms-container wpforms-container-full\" id=\"wpforms-5570\"><form id=\"wpforms-form-5570\" class=\"wpforms-validate wpforms-form\" data-formid=\"5570\" method=\"post\" enctype=\"multipart\/form-data\" action=\"\/index.php\/wp-json\/wp\/v2\/pages\/5572#wpforms-5570\"><div class=\"wpforms-field-container\"><div id=\"wpforms-5570-field_0-container\" class=\"wpforms-field wpforms-field-name\" data-field-id=\"0\"><label class=\"wpforms-field-label\" for=\"wpforms-5570-field_0\">Nome <span class=\"wpforms-required-label\">*<\/span><\/label><input type=\"text\" id=\"wpforms-5570-field_0\" class=\"wpforms-field-medium wpforms-field-required\" name=\"wpforms[fields][0]\" required><\/div><div id=\"wpforms-5570-field_5-container\" class=\"wpforms-field wpforms-field-number\" data-field-id=\"5\"><label class=\"wpforms-field-label\" for=\"wpforms-5570-field_5\">Telefone<\/label><input type=\"number\" id=\"wpforms-5570-field_5\" class=\"wpforms-field-medium\" name=\"wpforms[fields][5]\" ><\/div><div id=\"wpforms-5570-field_1-container\" class=\"wpforms-field wpforms-field-email\" data-field-id=\"1\"><label class=\"wpforms-field-label\" for=\"wpforms-5570-field_1\">Email<\/label><input type=\"email\" id=\"wpforms-5570-field_1\" class=\"wpforms-field-medium\" name=\"wpforms[fields][1]\" ><\/div><div id=\"wpforms-5570-field_3-container\" class=\"wpforms-field wpforms-field-radio\" data-field-id=\"3\"><label class=\"wpforms-field-label\" for=\"wpforms-5570-field_3\">Irregularidade Denunciada<\/label><ul id=\"wpforms-5570-field_3\"><li class=\"choice-1 depth-1\"><input type=\"radio\" id=\"wpforms-5570-field_3_1\" name=\"wpforms[fields][3]\" value=\"A venda de \u00f3rteses, pr\u00f3teses e outros artigos \u00f3pticos fora de estabelecimento \u00f3ptico em desacordo com a Lei Estadual 15.177\/2004.\"  ><label class=\"wpforms-field-label-inline\" for=\"wpforms-5570-field_3_1\">A venda de \u00f3rteses, pr\u00f3teses e outros artigos \u00f3pticos fora de estabelecimento \u00f3ptico em desacordo com a Lei Estadual 15.177\/2004.<\/label><\/li><li class=\"choice-2 depth-1\"><input type=\"radio\" id=\"wpforms-5570-field_3_2\" name=\"wpforms[fields][3]\" value=\"O funcionamento de estabelecimento \u00f3ptico sem a presen\u00e7a de respons\u00e1vel t\u00e9cnico em desacordo com o art. 6\u00ba, I, do Decreto 24.492\/34.\"  ><label class=\"wpforms-field-label-inline\" for=\"wpforms-5570-field_3_2\">O funcionamento de estabelecimento \u00f3ptico sem a presen\u00e7a de respons\u00e1vel t\u00e9cnico em desacordo com o art. 6\u00ba, I, do Decreto 24.492\/34.<\/label><\/li><li class=\"choice-3 depth-1\"><input type=\"radio\" id=\"wpforms-5570-field_3_3\" name=\"wpforms[fields][3]\" value=\"O funcionamento de estabelecimento \u00f3ptico sem alvar\u00e1, quando necess\u00e1rio, ou com CNAE inadequado \u00e0 atividade econ\u00f4mica real em contrariedade ao disposto no art. 5\u00ba do Decreto 24.492\/34.\"  ><label class=\"wpforms-field-label-inline\" for=\"wpforms-5570-field_3_3\">O funcionamento de estabelecimento \u00f3ptico sem alvar\u00e1, quando necess\u00e1rio, ou com CNAE inadequado \u00e0 atividade econ\u00f4mica real em contrariedade ao disposto no art. 5\u00ba do Decreto 24.492\/34.<\/label><\/li><li class=\"choice-4 depth-1\"><input type=\"radio\" id=\"wpforms-5570-field_3_4\" name=\"wpforms[fields][3]\" value=\"A venda casada que condicione a venda de artigo \u00f3ptico \u00e0 consulta com oftalmologista ou optometrista em desacordo art. 39, I, do C\u00f3digo de Defesa do Consumidor.\"  ><label class=\"wpforms-field-label-inline\" for=\"wpforms-5570-field_3_4\">A venda casada que condicione a venda de artigo \u00f3ptico \u00e0 consulta com oftalmologista ou optometrista em desacordo art. 39, I, do C\u00f3digo de Defesa do Consumidor.<\/label><\/li><\/ul><\/div><div id=\"wpforms-5570-field_2-container\" class=\"wpforms-field wpforms-field-textarea\" data-field-id=\"2\"><label class=\"wpforms-field-label\" for=\"wpforms-5570-field_2\">Coment\u00e1rio <span class=\"wpforms-required-label\">*<\/span><\/label><textarea id=\"wpforms-5570-field_2\" class=\"wpforms-field-medium wpforms-field-required\" name=\"wpforms[fields][2]\" required><\/textarea><\/div><\/div><div class=\"wpforms-field wpforms-field-hp\" id=\"wpform-field-hp\"><label for=\"wpforms-field_hp\" class=\"wpforms-field-label\">Comment<\/label><input type=\"text\" name=\"wpforms[hp]\" id=\"wpforms-field_hp\" class=\"wpforms-field-medium\"><\/div><div class=\"wpforms-submit-container\" ><input type=\"hidden\" name=\"wpforms[id]\" value=\"5570\"><input type=\"hidden\" name=\"wpforms[author]\" value=\"1\"><button type=\"submit\" name=\"wpforms[submit]\" class=\"wpforms-submit \" id=\"wpforms-submit-5570\" value=\"wpforms-submit\" data-alt-text=\"enviando...\">Enviar<\/button><\/div><\/form><\/div>\n","protected":false},"excerpt":{"rendered":"Nome *TelefoneEmailIrregularidade DenunciadaA venda de \u00f3rteses, pr\u00f3teses e outros artigos \u00f3pticos fora de estabelecimento \u00f3ptico em desacordo com a Lei Estadual 15.177\/2004.O funcionamento de estabelecimento \u00f3ptico sem a presen\u00e7a de respons\u00e1vel t\u00e9cnico em desacordo com o art. 6\u00ba, I, do Decreto 24.492\/34.O funcionamento de estabelecimento \u00f3ptico sem alvar\u00e1, quando necess\u00e1rio, ou com CNAE inadequado \u00e0","protected":false},"author":1,"featured_media":0,"parent":0,"menu_order":0,"comment_status":"closed","ping_status":"closed","template":"","meta":{"footnotes":""},"class_list":["post-5572","page","type-page","status-publish","hentry"],"_links":{"self":[{"href":"https:\/\/www.croosp.org.br\/index.php\/wp-json\/wp\/v2\/pages\/5572","targetHints":{"allow":["GET"]}}],"collection":[{"href":"https:\/\/www.croosp.org.br\/index.php\/wp-json\/wp\/v2\/pages"}],"about":[{"href":"https:\/\/www.croosp.org.br\/index.php\/wp-json\/wp\/v2\/types\/page"}],"author":[{"embeddable":true,"href":"https:\/\/www.croosp.org.br\/index.php\/wp-json\/wp\/v2\/users\/1"}],"replies":[{"embeddable":true,"href":"https:\/\/www.croosp.org.br\/index.php\/wp-json\/wp\/v2\/comments?post=5572"}],"version-history":[{"count":1,"href":"https:\/\/www.croosp.org.br\/index.php\/wp-json\/wp\/v2\/pages\/5572\/revisions"}],"predecessor-version":[{"id":5573,"href":"https:\/\/www.croosp.org.br\/index.php\/wp-json\/wp\/v2\/pages\/5572\/revisions\/5573"}],"wp:attachment":[{"href":"https:\/\/www.croosp.org.br\/index.php\/wp-json\/wp\/v2\/media?parent=5572"}],"curies":[{"name":"wp","href":"https:\/\/api.w.org\/{rel}","templated":true}]}}