



{"id":4777,"date":"2020-07-01T21:43:21","date_gmt":"2020-07-01T21:43:21","guid":{"rendered":"http:\/\/www.croosp.org.br\/?page_id=4777"},"modified":"2020-07-01T21:44:36","modified_gmt":"2020-07-01T21:44:36","slug":"comunicados","status":"publish","type":"page","link":"https:\/\/www.croosp.org.br\/index.php\/comunicados\/","title":{"rendered":"Comunicados"},"content":{"rendered":"<p>[vc_row][vc_column][vc_custom_heading text=&#8221;Saiba aqui as not\u00edcias mais recentes sobre a atua\u00e7\u00e3o do CROO-SP em defesa dos \u00d3pticos e Optometristas&#8221; font_container=&#8221;tag:h1|text_align:center&#8221;][vc_empty_space height=&#8221;50px&#8221;][\/vc_column][\/vc_row][vc_row full_width=&#8221;&#8221;][vc_column width=&#8221;2\/3&#8243;][vc_row_inner][vc_column_inner width=&#8221;1\/2&#8243;][vc_single_image alignment=&#8221;&#8221; style=&#8221;vc_box_border&#8221;][\/vc_column_inner][vc_column_inner width=&#8221;1\/2&#8243;][vc_custom_heading text=&#8221;This is custom heading element with Google Fonts&#8221; font_container=&#8221;tag:h1|text_align:left&#8221; google_fonts=&#8221;font_family:Montserrat%3Aregular%2C700|font_style:400%20regular%3A400%3Anormal&#8221;][vc_column_text]I am text block. Click edit button to change this text. Lorem ipsum dolor sit amet, consectetur adipiscing elit. Ut elit tellus, luctus nec ullamcorper mattis, pulvinar dapibus leo.[\/vc_column_text][vc_btn title=&#8221;Read more&#8221; style=&#8221;flat&#8221; color=&#8221;mulled-wine&#8221;][\/vc_column_inner][\/vc_row_inner][vc_row_inner][vc_column_inner width=&#8221;1\/2&#8243;][vc_single_image alignment=&#8221;&#8221; style=&#8221;vc_box_border&#8221;][\/vc_column_inner][vc_column_inner width=&#8221;1\/2&#8243;][vc_custom_heading text=&#8221;This is custom heading element with Google Fonts&#8221; google_fonts=&#8221;font_family:Montserrat%3Aregular%2C700|font_style:400%20regular%3A400%3Anormal&#8221;][vc_column_text]I am text block. Click edit button to change this text. Lorem ipsum dolor sit amet, consectetur adipiscing elit. Ut elit tellus, luctus nec ullamcorper mattis, pulvinar dapibus leo.[\/vc_column_text][vc_btn title=&#8221;Read more&#8221; style=&#8221;flat&#8221; color=&#8221;mulled-wine&#8221;][\/vc_column_inner][\/vc_row_inner][\/vc_column][vc_column width=&#8221;1\/3&#8243;][vc_row_inner][vc_column_inner][vc_custom_heading text=&#8221;This is custom heading element with Google Fonts&#8221; font_container=&#8221;tag:h3|text_align:left&#8221; google_fonts=&#8221;font_family:Montserrat%3Aregular%2C700|font_style:400%20regular%3A400%3Anormal&#8221;][vc_column_text]I am text block. Click edit button to change this text. Lorem ipsum dolor sit amet, consectetur adipiscing elit. Ut elit tellus, luctus nec ullamcorper mattis, pulvinar dapibus leo.[\/vc_column_text][\/vc_column_inner][\/vc_row_inner][vc_row_inner][vc_column_inner][vc_custom_heading text=&#8221;This is custom heading element with Google Fonts&#8221; font_container=&#8221;tag:h3|text_align:left&#8221; google_fonts=&#8221;font_family:Montserrat%3Aregular%2C700|font_style:400%20regular%3A400%3Anormal&#8221;][vc_column_text]I am text block. Click edit button to change this text. Lorem ipsum dolor sit amet, consectetur adipiscing elit. Ut elit tellus, luctus nec ullamcorper mattis, pulvinar dapibus leo.[\/vc_column_text][\/vc_column_inner][\/vc_row_inner][\/vc_column][\/vc_row]<\/p>\n","protected":false},"excerpt":{"rendered":"<p>[vc_row][vc_column][vc_custom_heading text=&#8221;Saiba aqui as not\u00edcias mais recentes sobre a atua\u00e7\u00e3o do CROO-SP em defesa dos \u00d3pticos e Optometristas&#8221; font_container=&#8221;tag:h1|text_align:center&#8221;][vc_empty_space height=&#8221;50px&#8221;][\/vc_column][\/vc_row][vc_row full_width=&#8221;&#8221;][vc_column width=&#8221;2\/3&#8243;][vc_row_inner][vc_column_inner width=&#8221;1\/2&#8243;][vc_single_image alignment=&#8221;&#8221; style=&#8221;vc_box_border&#8221;][\/vc_column_inner][vc_column_inner width=&#8221;1\/2&#8243;][vc_custom_heading text=&#8221;This is custom heading element with Google Fonts&#8221; font_container=&#8221;tag:h1|text_align:left&#8221; google_fonts=&#8221;font_family:Montserrat%3Aregular%2C700|font_style:400%20regular%3A400%3Anormal&#8221;][vc_column_text]I am text block. Click edit button to change this text. Lorem ipsum dolor sit amet, consectetur adipiscing elit. Ut<\/p>\n","protected":false},"author":1,"featured_media":0,"parent":0,"menu_order":0,"comment_status":"closed","ping_status":"closed","template":"","meta":{"footnotes":""},"class_list":["post-4777","page","type-page","status-publish","hentry"],"_links":{"self":[{"href":"https:\/\/www.croosp.org.br\/index.php\/wp-json\/wp\/v2\/pages\/4777","targetHints":{"allow":["GET"]}}],"collection":[{"href":"https:\/\/www.croosp.org.br\/index.php\/wp-json\/wp\/v2\/pages"}],"about":[{"href":"https:\/\/www.croosp.org.br\/index.php\/wp-json\/wp\/v2\/types\/page"}],"author":[{"embeddable":true,"href":"https:\/\/www.croosp.org.br\/index.php\/wp-json\/wp\/v2\/users\/1"}],"replies":[{"embeddable":true,"href":"https:\/\/www.croosp.org.br\/index.php\/wp-json\/wp\/v2\/comments?post=4777"}],"version-history":[{"count":7,"href":"https:\/\/www.croosp.org.br\/index.php\/wp-json\/wp\/v2\/pages\/4777\/revisions"}],"predecessor-version":[{"id":4784,"href":"https:\/\/www.croosp.org.br\/index.php\/wp-json\/wp\/v2\/pages\/4777\/revisions\/4784"}],"wp:attachment":[{"href":"https:\/\/www.croosp.org.br\/index.php\/wp-json\/wp\/v2\/media?parent=4777"}],"curies":[{"name":"wp","href":"https:\/\/api.w.org\/{rel}","templated":true}]}}