



{"id":3137,"date":"2017-02-16T15:13:52","date_gmt":"2017-02-16T15:13:52","guid":{"rendered":"http:\/\/www.croosp.org.br\/?page_id=3137"},"modified":"2017-06-19T17:59:37","modified_gmt":"2017-06-19T17:59:37","slug":"o-que-e-optometria","status":"publish","type":"page","link":"https:\/\/www.croosp.org.br\/index.php\/o-que-e-optometria\/","title":{"rendered":"O que \u00e9 Optometria?"},"content":{"rendered":"<p>[vc_row][vc_column width=&#8221;1\/4&#8243;][vc_column_text]<\/p>\n<h1><strong><span style=\"color: #0000ff;\">Voc\u00ea sabe o que \u00e9 Optometria e o que faz um Optometrista?<\/span><\/strong><\/h1>\n<p>[\/vc_column_text][vc_separator color=&#8221;blue&#8221;]<h3 class=\"sentence\">A Optometria \u00e9 a profiss\u00e3o que cuida da sua vis\u00e3o e o Optometrista \u00e9 o profissional formado e capacitado para avaliar sua vis\u00e3o.<\/h3>[\/vc_column][vc_column width=&#8221;3\/4&#8243;][vc_single_image image=&#8221;3422&#8243; img_size=&#8221;full&#8221; alignment=&#8221;center&#8221; style=&#8221;vc_box_shadow_3d&#8221; css_animation=&#8221;right-to-left&#8221;][vc_empty_space][vc_column_text css_animation=&#8221;left-to-right&#8221;]<\/p>\n<h2><span style=\"color: #000080;\"><em><span style=\"font-weight: 400;\">A Optometria \u00e9 uma profiss\u00e3o &#8220;centen\u00e1ria &#8221; , existe desde os anos de 1860(relatos hist\u00f3ricos), isso mesmo , bastante tempo n\u00e9?<\/span><\/em><\/span><\/h2>\n<p>&nbsp;<\/p>\n<h2><span style=\"color: #000080;\"><em><span style=\"font-weight: 400;\">E \u00e9 reconhecida mundialmente pela ONU(organiza\u00e7\u00e3o das Na\u00e7\u00f5es Unidas) e pela OMS (organiza\u00e7\u00e3o Mundial da Sa\u00fade) , como a &#8220;profiss\u00e3o respons\u00e1vel&#8221; pela diminui\u00e7\u00e3o da cegueira evit\u00e1vel em todo o mundo.<\/span><\/em><\/span><\/h2>\n<p>[\/vc_column_text][\/vc_column][\/vc_row][vc_row][vc_column][vc_empty_space height=&#8221;60px&#8221;][vc_separator color=&#8221;blue&#8221;][vc_empty_space height=&#8221;60px&#8221;][\/vc_column][\/vc_row][vc_row][vc_column width=&#8221;1\/4&#8243;][vc_column_text]<\/p>\n<h2><em><span style=\"font-weight: 400; color: #000080;\">Voc\u00ea provavelmente j\u00e1 foi avaliado por um Optometrista e n\u00e3o sabia , acontece que somos confundidos com o Oftalmologista , ent\u00e3o voc\u00ea pergunta: Qual \u00e9 a diferen\u00e7a?<\/span><\/em><\/h2>\n<p>[\/vc_column_text][\/vc_column][vc_column width=&#8221;1\/2&#8243;][vc_column_text]<\/p>\n<h3><span style=\"font-weight: 400;\">Bem , o Optometrista cuida da qualidade e quantidade de sua vis\u00e3o, ao fazer uma avalia\u00e7\u00e3o em seus olhos , o Optometrista primeiro vai se atentar na sa\u00fade de seus olhos , fazendo uma an\u00e1lise para identificar se voc\u00ea tem alguma patologia.Visto que esta tudo bem com seus olhos fisiologicamente , ent\u00e3o o Optometrista vai avaliar a qualidade e a quantidade de sua vis\u00e3o e quando necess\u00e1rio ir\u00e1 prescrever um par de \u00f3culos , lentes de contato , lupas o outras \u00f3rteses que ir\u00e3o auxil\u00e1-lo(a) a enxergar melhor , ou at\u00e9 mesmo , quando necess\u00e1rio, ir\u00e1 encaminha-lo(a) a um outro Optometrista especialista , como: Ort\u00f3ptico , Contat\u00f3logo , Protetico Ocular , Optometrista comportamental , Optometrista especializado em baixa vis\u00e3o , dentre outras especialidades da Optometria.<\/span><\/h3>\n<p>[\/vc_column_text][\/vc_column][vc_column width=&#8221;1\/4&#8243;][vc_single_image image=&#8221;3423&#8243; img_size=&#8221;full&#8221; style=&#8221;vc_box_shadow_3d&#8221;][\/vc_column][\/vc_row][vc_row][vc_column][vc_empty_space height=&#8221;60px&#8221;][vc_separator color=&#8221;blue&#8221;][vc_empty_space height=&#8221;60px&#8221;][\/vc_column][\/vc_row][vc_row][vc_column][vc_column_text]<\/p>\n<h1><span style=\"font-weight: 400;\">Voc\u00ea deve estar se perguntando: E o Oftalmologista?<\/span><\/h1>\n<p>[\/vc_column_text][vc_empty_space][vc_column_text css_animation=&#8221;bottom-to-top&#8221;]<\/p>\n<h3><span style=\"font-weight: 400;\">\u00c9 simples , o <strong>Oftalmologista<\/strong> \u00e9 o profissional m\u00e9dico formado e capacitado para cuidar de &#8220;doen\u00e7as&#8221; oculares e &#8220;cirurgias&#8221;.<\/span><\/h3>\n<h3><span style=\"font-weight: 400;\">Sendo assim , deve-se procurar um <strong>Oftalmologista<\/strong> somente quem est\u00e1 com os olhos <strong>&#8220;doentes&#8221;<\/strong> ou quando um <strong><span style=\"color: #000080;\">Optometrista<\/span> <\/strong>identificar alguma patologia em seus olhos , ent\u00e3o ele mesmo te orientar\u00e1 e te encaminhar\u00e1 ao m\u00e9dico Oftalmologista.<\/span><\/h3>\n<p>[\/vc_column_text][\/vc_column][\/vc_row][vc_row][vc_column][vc_empty_space height=&#8221;60px&#8221;][vc_separator color=&#8221;blue&#8221;][vc_empty_space height=&#8221;60px&#8221;][\/vc_column][\/vc_row][vc_row][vc_column][vc_column_text]<\/p>\n<h1><span style=\"font-weight: 400; color: #000080;\">Viu como \u00e9 simples? <\/span><\/h1>\n<h1><span style=\"font-weight: 400; color: #3366ff;\">\u00c0 \u00a0partir de hoje voc\u00ea ter\u00e1 consci\u00eancia da diferen\u00e7a entre esta duas t\u00e3o honrosas profiss\u00f5es.<\/span><\/h1>\n<h1><strong><span style=\"color: #000080;\">N\u00e3o esque\u00e7a , para avalia\u00e7\u00e3o visual procure um Optometrista.<\/span><\/strong><\/h1>\n<p><span style=\"font-weight: 400;\"><br \/>\n<\/span><\/p>\n<p>[\/vc_column_text][\/vc_column][\/vc_row]<\/p>\n","protected":false},"excerpt":{"rendered":"<p>[vc_row][vc_column width=&#8221;1\/4&#8243;][vc_column_text] Voc\u00ea sabe o que \u00e9 Optometria e o que faz um Optometrista? [\/vc_column_text][vc_separator color=&#8221;blue&#8221;][\/vc_column][vc_column width=&#8221;3\/4&#8243;][vc_single_image image=&#8221;3422&#8243; img_size=&#8221;full&#8221; alignment=&#8221;center&#8221; style=&#8221;vc_box_shadow_3d&#8221; css_animation=&#8221;right-to-left&#8221;][vc_empty_space][vc_column_text css_animation=&#8221;left-to-right&#8221;] A Optometria \u00e9 uma profiss\u00e3o &#8220;centen\u00e1ria &#8221; , existe desde os anos de 1860(relatos hist\u00f3ricos), isso mesmo , bastante tempo n\u00e9? &nbsp; E \u00e9 reconhecida mundialmente pela ONU(organiza\u00e7\u00e3o das Na\u00e7\u00f5es Unidas) e<\/p>\n","protected":false},"author":1,"featured_media":0,"parent":0,"menu_order":0,"comment_status":"closed","ping_status":"closed","template":"","meta":{"footnotes":""},"class_list":["post-3137","page","type-page","status-publish","hentry"],"_links":{"self":[{"href":"https:\/\/www.croosp.org.br\/index.php\/wp-json\/wp\/v2\/pages\/3137","targetHints":{"allow":["GET"]}}],"collection":[{"href":"https:\/\/www.croosp.org.br\/index.php\/wp-json\/wp\/v2\/pages"}],"about":[{"href":"https:\/\/www.croosp.org.br\/index.php\/wp-json\/wp\/v2\/types\/page"}],"author":[{"embeddable":true,"href":"https:\/\/www.croosp.org.br\/index.php\/wp-json\/wp\/v2\/users\/1"}],"replies":[{"embeddable":true,"href":"https:\/\/www.croosp.org.br\/index.php\/wp-json\/wp\/v2\/comments?post=3137"}],"version-history":[{"count":16,"href":"https:\/\/www.croosp.org.br\/index.php\/wp-json\/wp\/v2\/pages\/3137\/revisions"}],"predecessor-version":[{"id":3424,"href":"https:\/\/www.croosp.org.br\/index.php\/wp-json\/wp\/v2\/pages\/3137\/revisions\/3424"}],"wp:attachment":[{"href":"https:\/\/www.croosp.org.br\/index.php\/wp-json\/wp\/v2\/media?parent=3137"}],"curies":[{"name":"wp","href":"https:\/\/api.w.org\/{rel}","templated":true}]}}