



{"id":2786,"date":"2016-12-19T17:11:49","date_gmt":"2016-12-19T17:11:49","guid":{"rendered":"http:\/\/www.croosp.org.br\/novosite\/?page_id=2786"},"modified":"2016-12-19T17:11:49","modified_gmt":"2016-12-19T17:11:49","slug":"certificado-de-resp-tecnico","status":"publish","type":"page","link":"https:\/\/www.croosp.org.br\/index.php\/certificado-de-resp-tecnico\/","title":{"rendered":"Certificado de Resp. T\u00e9cnico"},"content":{"rendered":"<div class=\"rt\">\n<h1 class=\"titulo-secao\">CERTIFICADO DE RESPONS\u00c1VEL T\u00c9CNICO<\/h1>\n<p>Exigido por algumas Vigil\u00e2ncias Sanit\u00e1rias<\/p>\n<\/div>\n<div class=\"text-codigo\">\n<p>Se voc\u00ea \u00e9 \u201cRespons\u00e1vel T\u00e9cnico\u201d por estabelecimento de \u00f3ptica, e ainda n\u00e3o possui o Certificado de Regularidade T\u00e9cnica \u2013 CRT \u2013 solicitamos que nos envie os seguintes documentos:<\/p>\n<p>1- Documento que comprove sua liga\u00e7\u00e3o; Profissional x Empresa:<br \/>\nEx.: Registro na Carteira de Trabalho ou Contrato de Presta\u00e7\u00e3o de Servi\u00e7os<br \/>\n(envie c\u00f3pias autenticadas).<br \/>\n2\u2013 C\u00f3pias Simples: Cart\u00e3o do CNPJ e CADESP.<br \/>\n3\u2013 Qual ou quais atividades a casa de \u00f3ptica comercializa:<br \/>\n\u00d3culos,<br \/>\n\u00d3culos e adapta\u00e7\u00e3o de lentes de contato,<br \/>\n\u00d3culos, lentes de contato e servi\u00e7os de optometria,<br \/>\n\u00d3culos e servi\u00e7os de optometria.<br \/>\nOutros, especificado.<br \/>\n4 \u2013 Respons\u00e1vel T\u00e9cnico da empresa (CPF, Forma\u00e7\u00e3o e Registro no CROO-SP)<\/p>\n<p>Se algum destes dados n\u00e3o estiver presente nas c\u00f3pias do CNPJ e DECA, por favor, nos envie anexado. Somente com estes dados poderemos enviar a CRT.<\/p>\n<p>Este documento garante que seu diploma n\u00e3o esteja sendo utilizado indevidamente por outra casa de \u00f3ptica no Estado de S\u00e3o Paulo, o que \u00e9 crime, e transmite confian\u00e7a ao cliente que sua \u00f3ptica tem um profissional \u00d3ptico habilitado presente e respons\u00e1vel pela qualidade dos servi\u00e7os prestados.<\/p>\n<p>Em caso de d\u00favidas, entre em <a href=\"http:\/\/www.croosp.org.br\/contato\">contato<\/a> conosco.<\/p>\n<\/div>\n","protected":false},"excerpt":{"rendered":"<p>CERTIFICADO DE RESPONS\u00c1VEL T\u00c9CNICO Exigido por algumas Vigil\u00e2ncias Sanit\u00e1rias Se voc\u00ea \u00e9 \u201cRespons\u00e1vel T\u00e9cnico\u201d por estabelecimento de \u00f3ptica, e ainda n\u00e3o possui o Certificado de Regularidade T\u00e9cnica \u2013 CRT \u2013 solicitamos que nos envie os seguintes documentos: 1- Documento que comprove sua liga\u00e7\u00e3o; Profissional x Empresa: Ex.: Registro na Carteira de Trabalho ou Contrato de<\/p>\n","protected":false},"author":1,"featured_media":0,"parent":0,"menu_order":0,"comment_status":"closed","ping_status":"closed","template":"","meta":{"footnotes":""},"class_list":["post-2786","page","type-page","status-publish","hentry"],"_links":{"self":[{"href":"https:\/\/www.croosp.org.br\/index.php\/wp-json\/wp\/v2\/pages\/2786","targetHints":{"allow":["GET"]}}],"collection":[{"href":"https:\/\/www.croosp.org.br\/index.php\/wp-json\/wp\/v2\/pages"}],"about":[{"href":"https:\/\/www.croosp.org.br\/index.php\/wp-json\/wp\/v2\/types\/page"}],"author":[{"embeddable":true,"href":"https:\/\/www.croosp.org.br\/index.php\/wp-json\/wp\/v2\/users\/1"}],"replies":[{"embeddable":true,"href":"https:\/\/www.croosp.org.br\/index.php\/wp-json\/wp\/v2\/comments?post=2786"}],"version-history":[{"count":1,"href":"https:\/\/www.croosp.org.br\/index.php\/wp-json\/wp\/v2\/pages\/2786\/revisions"}],"predecessor-version":[{"id":2787,"href":"https:\/\/www.croosp.org.br\/index.php\/wp-json\/wp\/v2\/pages\/2786\/revisions\/2787"}],"wp:attachment":[{"href":"https:\/\/www.croosp.org.br\/index.php\/wp-json\/wp\/v2\/media?parent=2786"}],"curies":[{"name":"wp","href":"https:\/\/api.w.org\/{rel}","templated":true}]}}