



{"id":2759,"date":"2016-12-19T12:42:00","date_gmt":"2016-12-19T12:42:00","guid":{"rendered":"http:\/\/www.croosp.org.br\/novosite\/?page_id=2759"},"modified":"2025-08-30T16:49:47","modified_gmt":"2025-08-30T16:49:47","slug":"procedimentos-de-filiacao","status":"publish","type":"page","link":"https:\/\/www.croosp.org.br\/index.php\/procedimentos-de-filiacao\/","title":{"rendered":"Procedimentos de Filia\u00e7\u00e3o"},"content":{"rendered":"<p>[vc_row][vc_column width=&#8221;1\/4&#8243;][vc_single_image image=&#8221;3046&#8243; img_size=&#8221;full&#8221;][\/vc_column][vc_column width=&#8221;3\/4&#8243;][vc_empty_space][vc_column_text]<\/p>\n<h1 style=\"text-align: center;\">PROCEDIMENTOS DE FILIA\u00c7\u00c3O<\/h1>\n<p>&nbsp;<\/p>\n<p>OS DOCUMENTOS ABAIXO PODEM SER ENVIADOS PREFERENCIALMENTE VIA E-MAIL : <a href=\"mailto:CENTRAL@CROOSP.ORG.BR\">CENTRAL@CROOSP.ORG.BR<\/a> , EM FORMATO PDF COLORIDO EM UM \u00daNICO ARQUIVO.<\/p>\n<p>OU VIA CORREIOS, PARA O SEGUINTE ENDERE\u00c7O: AVENIDA PAULISTA 2518- 8\u00ba ANDAR-CONJ82- CEP: 01310-300<\/p>\n<p>OU TRAZER PESSOALMENTE: <strong>SOMENTE COM AGENDAMENTO PR\u00c9VIO PELO WHATSAPP &#8211;\u00a0 11- 99430-5624<\/strong><\/p>\n<p>DE SEGUNDA \u00c1 SEXTA DAS 09:00 \u00c1S 15:00 ( 12:00 \u00e1s 13:00 fechado para almo\u00e7o).[\/vc_column_text][\/vc_column][\/vc_row][vc_row][vc_column][vc_column_text]<strong>\u00a0<\/strong><\/p>\n<h2><strong>LEIA COM ATEN\u00c7\u00c3O, CASO FALTE ALGUM DOCUMENTO, N\u00c3O SER\u00c1 FEITA A FILIA\u00c7\u00c3O:<\/strong><\/h2>\n<p>&nbsp;<\/p>\n<ul>\n<li><em>FICHA DE CADASTRO PREENCHIDA\u00a0 E ASSINADA (<a href=\"http:\/\/www.croosp.org.br\/wp-content\/uploads\/2013\/04\/FIcha-de-Cadastro-2018.pdf\">Anexo<\/a>);<\/em><\/li>\n<\/ul>\n<p>&nbsp;<\/p>\n<ul>\n<li>TERMO DE COMPROMISSO PREENCHIDO E ASSINADO (<a href=\"http:\/\/www.croosp.org.br\/wp-content\/uploads\/2013\/04\/TERMO-DE-COMPROMISSO-2018.pdf\">anexo<\/a>).<\/li>\n<\/ul>\n<p>&nbsp;<\/p>\n<ul>\n<li><em>C\u00d3PIA SIMPLES\u00a0 DOS DOCUMENTOS PESSOAIS: RG COM N\u00daMERO DE CPF OU CNH;\u00a0<\/em><\/li>\n<\/ul>\n<p>&nbsp;<\/p>\n<ul>\n<li><em>1\u00a0FOTO 3X4 COLORIDA E RECENTE (FOTO PARA DOCUMENTO);<\/em><\/li>\n<\/ul>\n<p>&nbsp;<\/p>\n<ul>\n<li><em>C\u00d3PIA SIMPLES DO COMPROVANTE DE RESID\u00caNCIA ATUAL EM NOME PR\u00d3PRIO (SE ESTIVER NO NOME DO SEU C\u00d4NJUGE, ENVIAR CERTID\u00c3O DE CASAMENTO), OU\u00a0 DECLARA\u00c7\u00c3O DE RISID\u00caNCIA PREENCHIDA E ASSINADA (<a href=\"http:\/\/www.croosp.org.br\/wp-content\/uploads\/2013\/04\/Declaracao-Residencia.pdf\">ANEXA<\/a>);<\/em><\/li>\n<\/ul>\n<p>&nbsp;<\/p>\n<ul>\n<li><em><strong><span style=\"color: #ff0000; font-family: Arial;\">C\u00d3PIA\u00a0 SIMPLES DO DIPLOMA (FRENTE E VERSO) DIPLOMAS QUE N\u00c3O EST\u00c3O REGISTRADOS NO GDAE OU SISTEC E FOR VERIFICADO NO MOMENTO DA AN\u00c1LISE DOS DOCUMENTOS, SER\u00c1 SOLICITADO C\u00d3PIA AUTENTICADA (O SISTEC FOI IMPLEMENTADO \u00c0 PARTIR DE 2009 E O GEDAE \u00c0 PARTIR DE 2002);<\/span><\/strong><\/em><\/li>\n<\/ul>\n<p>&nbsp;<\/p>\n<ul>\n<li>Certificado de conclus\u00e3o de curso com informa\u00e7\u00e3o que: \u201co hist\u00f3rico e o diploma est\u00e3o aguardando os tr\u00e2mites da secretaria da educa\u00e7\u00e3o, emitido COM\u00a0DATA inferior a um ano. Caso n\u00e3o fa\u00e7a men\u00e7\u00e3o ao hist\u00f3rico na declara\u00e7\u00e3o de conclus\u00e3o do curso ser\u00e1 necess\u00e1rio solicitar a institui\u00e7\u00e3o c\u00f3pia simples do hist\u00f3rico;<\/li>\n<\/ul>\n<p>&nbsp;<\/p>\n<ul>\n<li><em>TERMO DE CI\u00caNCIA : Entrar em contato pelo\u00a0\u00a0<\/em>Whatsapp 11-99430-5624 e 11-93471-4458 <em>e solicitar o termo de ci\u00eancia.<\/em><\/li>\n<\/ul>\n<p>&nbsp;<\/p>\n<ul>\n<li>CASO HAJA ALTERA\u00c7\u00c3O NO NOME POR MOTIVO DE CASAMENTO OU SEPARA\u00c7\u00c3O DEVE SER ENVIADO CERTID\u00c3O DE CASAMENTO OU CERTID\u00c3O COM AVERBA\u00c7\u00c3O.<\/li>\n<\/ul>\n<p>&nbsp;<\/p>\n<h3><strong><em>SEGUE VALORES REFERENTES A ANUIDADE 2025 ABAIXO:\u00a0<\/em><\/strong><\/h3>\n<p>&nbsp;<\/p>\n<h3><strong><em>A PARTIR DE 01 DE JANEIRO \/\u00a02025<\/em><\/strong><\/h3>\n<ul>\n<li><em>\u00d3PTICO PR\u00c1TICO E\u00a0T\u00c9CNICO \u00d3PTICO: \u00a0R$\u00a0 563,00\u00a0<\/em><\/li>\n<li><em>T\u00c9CNICO \u00d3PTICO E OPTOMETRIA:\u00a0R$\u00a0\u00a0755,00<\/em><\/li>\n<li><em>TECNOLOGIA\u00a0E BACHAREL: \u00a0R$\u00a0\u00a0947,00<\/em><\/li>\n<\/ul>\n<p><strong>PARCELAMOS EM AT\u00c9 12X NO CART\u00c3O SEM JUROS OU EM AT\u00c9 3X NO BOLETO<\/strong><\/p>\n<p>&nbsp;<\/p>\n<p>* O PRAZO PARA RECEBIMENTO DAS CIA \u00c9 DE\u00a040 DIAS, CONTANDO A PARTIR DA SOLICITA\u00c7\u00c3O JUNTO A CBOO ( EM BRAS\u00cdLIA ) QUE \u00c9 FEITO TODO DIA 05 E DIA 20 DE CADA M\u00caS PARA AQUELES QUE ESTIVEREM COM DOCUMENTOS EM DIA E COM O PAGAMENTO DE TODOS OS BOLETOS.<\/p>\n<p>AP\u00d3S O PAGAMENTO TOTAL DA ANUIDADE SER\u00c1 ENVIADO EM AT\u00c9 1 DIA A DECLARA\u00c7\u00c3O DE FILIA\u00c7\u00c3O QUE \u00c9 V\u00c1LIDO POR 90 DIAS,.<\/p>\n<p>A VALIDADE DA CIA \u00c9 AT\u00c9 O DIA 31\/12 DO ANO VIGENTE A TAXA \u00c9 \u00daNICA (N\u00c3O HAVENDO DESCONTOS) INDEPENDENTE DA DATA DE CONFEC\u00c7\u00c3O[\/vc_column_text][\/vc_column][\/vc_row]<\/p>\n","protected":false},"excerpt":{"rendered":"<p>[vc_row][vc_column width=&#8221;1\/4&#8243;][vc_single_image image=&#8221;3046&#8243; img_size=&#8221;full&#8221;][\/vc_column][vc_column width=&#8221;3\/4&#8243;][vc_empty_space][vc_column_text] PROCEDIMENTOS DE FILIA\u00c7\u00c3O &nbsp; OS DOCUMENTOS ABAIXO PODEM SER ENVIADOS PREFERENCIALMENTE VIA E-MAIL : CENTRAL@CROOSP.ORG.BR , EM FORMATO PDF COLORIDO EM UM \u00daNICO ARQUIVO. OU VIA CORREIOS, PARA O SEGUINTE ENDERE\u00c7O: AVENIDA PAULISTA 2518- 8\u00ba ANDAR-CONJ82- CEP: 01310-300 OU TRAZER PESSOALMENTE: SOMENTE COM AGENDAMENTO PR\u00c9VIO PELO WHATSAPP &#8211;\u00a0 11- 99430-5624<\/p>\n","protected":false},"author":1,"featured_media":0,"parent":0,"menu_order":0,"comment_status":"closed","ping_status":"closed","template":"","meta":{"footnotes":""},"class_list":["post-2759","page","type-page","status-publish","hentry"],"_links":{"self":[{"href":"https:\/\/www.croosp.org.br\/index.php\/wp-json\/wp\/v2\/pages\/2759","targetHints":{"allow":["GET"]}}],"collection":[{"href":"https:\/\/www.croosp.org.br\/index.php\/wp-json\/wp\/v2\/pages"}],"about":[{"href":"https:\/\/www.croosp.org.br\/index.php\/wp-json\/wp\/v2\/types\/page"}],"author":[{"embeddable":true,"href":"https:\/\/www.croosp.org.br\/index.php\/wp-json\/wp\/v2\/users\/1"}],"replies":[{"embeddable":true,"href":"https:\/\/www.croosp.org.br\/index.php\/wp-json\/wp\/v2\/comments?post=2759"}],"version-history":[{"count":79,"href":"https:\/\/www.croosp.org.br\/index.php\/wp-json\/wp\/v2\/pages\/2759\/revisions"}],"predecessor-version":[{"id":5817,"href":"https:\/\/www.croosp.org.br\/index.php\/wp-json\/wp\/v2\/pages\/2759\/revisions\/5817"}],"wp:attachment":[{"href":"https:\/\/www.croosp.org.br\/index.php\/wp-json\/wp\/v2\/media?parent=2759"}],"curies":[{"name":"wp","href":"https:\/\/api.w.org\/{rel}","templated":true}]}}