



{"id":2752,"date":"2016-12-19T12:30:42","date_gmt":"2016-12-19T12:30:42","guid":{"rendered":"http:\/\/www.croosp.org.br\/novosite\/?page_id=2752"},"modified":"2018-02-06T19:12:31","modified_gmt":"2018-02-06T19:12:31","slug":"institutos-de-ensino","status":"publish","type":"page","link":"https:\/\/www.croosp.org.br\/index.php\/institutos-de-ensino\/","title":{"rendered":"Institutos de Ensino"},"content":{"rendered":"<div class=\"ensino\">\n<p>&nbsp;<\/p>\n<p>Cursos T\u00e9cnicos e Superior em \u00d3ptica, Optometria e Contatologia<\/p>\n<\/div>\n<p>&nbsp;<\/p>\n<div class=\"text-codigo\">\n<p><strong><img fetchpriority=\"high\" decoding=\"async\" class=\"size-full wp-image-3800 alignright\" src=\"http:\/\/www.croosp.org.br\/wp-content\/uploads\/2016\/12\/filadelfia.jpg\" alt=\"\" width=\"225\" height=\"225\" srcset=\"https:\/\/www.croosp.org.br\/wp-content\/uploads\/2016\/12\/filadelfia.jpg 225w, https:\/\/www.croosp.org.br\/wp-content\/uploads\/2016\/12\/filadelfia-150x150.jpg 150w, https:\/\/www.croosp.org.br\/wp-content\/uploads\/2016\/12\/filadelfia-96x96.jpg 96w\" sizes=\"(max-width: 225px) 100vw, 225px\" \/>Instituto e Faculdade Filad\u00e9lfia\u00a0<\/strong><\/p>\n<p>Cursos T\u00e9cnicos em \u00d3ptica, T\u00e9cnico em \u00d3ptica e Optometria.<br \/>\nSite: <a href=\"https:\/\/filadelfia.com.br\/unidade\/sp-sao-paulo\/\" target=\"_blank\" rel=\"noopener noreferrer\">www.fafil.com.br<\/a><br \/>\nEndere\u00e7o: Rua Capit\u00e3o Salom\u00e3o, 121 \u2013 Ribeir\u00e3o Preto \u2013 SP<br \/>\nTelefone: (16) 3211-4400<br \/>\ne-mail: rp@fafil.com.br<\/p>\n<p>Rua Jo\u00e3o Tobias, 216 \u2013 S\u00e3o Paulo \u2013 SP<br \/>\nTelefone: (11) 3384-5200<br \/>\ne-mail: sp@fafil.com.br<\/p>\n<p>&nbsp;<\/p>\n<p><strong>O.W.P. Educa\u00e7\u00e3o<\/strong><img decoding=\"async\" class=\"wp-image-3794 alignright\" src=\"http:\/\/www.croosp.org.br\/wp-content\/uploads\/2016\/12\/Logo-OWP-PNG-1024x970.png\" alt=\"\" width=\"205\" height=\"195\" srcset=\"https:\/\/www.croosp.org.br\/wp-content\/uploads\/2016\/12\/Logo-OWP-PNG-1024x970.png 1024w, https:\/\/www.croosp.org.br\/wp-content\/uploads\/2016\/12\/Logo-OWP-PNG-300x284.png 300w, https:\/\/www.croosp.org.br\/wp-content\/uploads\/2016\/12\/Logo-OWP-PNG-768x728.png 768w, https:\/\/www.croosp.org.br\/wp-content\/uploads\/2016\/12\/Logo-OWP-PNG.png 1032w\" sizes=\"(max-width: 205px) 100vw, 205px\" \/><\/p>\n<p>Cursos T\u00e9cnico em \u00d3ptica, T\u00e9cnico em Optometria.<\/p>\n<p>Site: <a href=\"https:\/\/owpeducacao.eadplataforma.com\/cursos\/\">www.owpeducacao.com<\/a><\/p>\n<p>Unidade Santos<\/p>\n<p>Pra\u00e7a Rui Barbosa n\u00ba 23 &#8211; 7 \u00ba Andar &#8211; Centro &#8211; Santos &#8211; SP<\/p>\n<p>Telefone: (13) 3222 5237 &#8211;\u00a0E-mail:\u00a0 atendimento@owpeducacao.com<\/p>\n<\/div>\n<p>&nbsp;<\/p>\n<p>Unidade S\u00e3o Paulo<\/p>\n<p>Rua Mau\u00e1 836 &#8211; Casa 22\/24\u00a0 &#8211; Vila dos Ingleses &#8211; Bairro Luz\u00a0 \u2013 S\u00e3o Paulo \u2013 SP<\/p>\n<div class=\"text-codigo\">\n<p>Telefone: (11) 3228-7224 &#8211; E-mail:\u00a0 atendimento.saopaulo@owpeducacao.com<\/p>\n<\/div>\n<p>&nbsp;<\/p>\n<div class=\"text-codigo\">\n<p><strong>SENAC<\/strong><\/p>\n<p>Curso T\u00e9cnico em \u00d3ptica<a href=\"http:\/\/www.croosp.org.br\/wp-content\/uploads\/2013\/04\/Screen-Shot-2013-11-01-at-2.24.19-PM.png\"><img decoding=\"async\" class=\" wp-image-3027 alignright\" src=\"http:\/\/www.croosp.org.br\/wp-content\/uploads\/2013\/04\/Screen-Shot-2013-11-01-at-2.24.19-PM-150x140.png\" alt=\"\" width=\"202\" height=\"189\" \/><\/a><br \/>\nSite: <a href=\"http:\/\/www.sp.senac.br\/\" target=\"_blank\" rel=\"noopener noreferrer\">www.sp.senac.br<\/a><br \/>\nRua Sacramento, 490 \u2013 Centro \u2013 Campinas \u2013 SP<br \/>\nTelefone: (19) 3737 8300<\/p>\n<p>Av. Tiradentes \u2013 S\u00e3o Paulo \u2013 SP<br \/>\nTelefone: (11) 3329 6266<\/p>\n<p>&nbsp;<\/p>\n<p>&nbsp;<\/p>\n<p><strong>IBTPLC<\/strong> \u2013 Instituto Brasileiro de Treinamento e Pesqu<a href=\"http:\/\/www.croosp.org.br\/wp-content\/uploads\/2013\/04\/in.png\"><img loading=\"lazy\" decoding=\"async\" class=\" wp-image-3025 alignright\" src=\"http:\/\/www.croosp.org.br\/wp-content\/uploads\/2013\/04\/in.png\" alt=\"\" width=\"175\" height=\"180\" \/><\/a>isa em Lentes de Contato<\/p>\n<p>Cursos de Lentes de Contato<br \/>\nSite: <a href=\"http:\/\/www.ibtplc.com.br\/\" target=\"_blank\" rel=\"noopener noreferrer\">http:\/\/www.ibtplc.com.br<\/a><br \/>\nAv. Paulista, 726 Cj 1606 \u2013 S\u00e3o Paulo \u2013 SP<br \/>\nTelefone: (11) 3254-7521<\/p>\n<\/div>\n<p>&nbsp;<\/p>\n<p>&nbsp;<\/p>\n<p>&nbsp;<\/p>\n<div class=\"text-codigo\">\n<p>UNIVERSIDADE BRAZ CUBAS<\/p>\n<p>Curso de Tecnologia de \u00d3ptica e Optometria<img loading=\"lazy\" decoding=\"async\" class=\"size-full wp-image-3803 alignright\" src=\"http:\/\/www.croosp.org.br\/wp-content\/uploads\/2016\/12\/bras-cubas-original.png\" alt=\"\" width=\"240\" height=\"240\" srcset=\"https:\/\/www.croosp.org.br\/wp-content\/uploads\/2016\/12\/bras-cubas-original.png 240w, https:\/\/www.croosp.org.br\/wp-content\/uploads\/2016\/12\/bras-cubas-original-150x150.png 150w, https:\/\/www.croosp.org.br\/wp-content\/uploads\/2016\/12\/bras-cubas-original-96x96.png 96w\" sizes=\"(max-width: 240px) 100vw, 240px\" \/><br \/>\nSite: <a href=\"http:\/\/www.brazcubas.br\/\" target=\"_blank\" rel=\"noopener noreferrer\">www.brazcubas.br<\/a><br \/>\nAv. Francisco Rodrigues Filho, 1233 Mogi das Cruzes \u2013 SP<br \/>\nTelefone: (11) 4791-8000<\/p>\n<\/div>\n","protected":false},"excerpt":{"rendered":"<p>&nbsp; Cursos T\u00e9cnicos e Superior em \u00d3ptica, Optometria e Contatologia &nbsp; Instituto e Faculdade Filad\u00e9lfia\u00a0 Cursos T\u00e9cnicos em \u00d3ptica, T\u00e9cnico em \u00d3ptica e Optometria. Site: www.fafil.com.br Endere\u00e7o: Rua Capit\u00e3o Salom\u00e3o, 121 \u2013 Ribeir\u00e3o Preto \u2013 SP Telefone: (16) 3211-4400 e-mail: rp@fafil.com.br Rua Jo\u00e3o Tobias, 216 \u2013 S\u00e3o Paulo \u2013 SP Telefone: (11) 3384-5200 e-mail: sp@fafil.com.br<\/p>\n","protected":false},"author":1,"featured_media":0,"parent":0,"menu_order":0,"comment_status":"closed","ping_status":"closed","template":"","meta":{"footnotes":""},"class_list":["post-2752","page","type-page","status-publish","hentry"],"_links":{"self":[{"href":"https:\/\/www.croosp.org.br\/index.php\/wp-json\/wp\/v2\/pages\/2752","targetHints":{"allow":["GET"]}}],"collection":[{"href":"https:\/\/www.croosp.org.br\/index.php\/wp-json\/wp\/v2\/pages"}],"about":[{"href":"https:\/\/www.croosp.org.br\/index.php\/wp-json\/wp\/v2\/types\/page"}],"author":[{"embeddable":true,"href":"https:\/\/www.croosp.org.br\/index.php\/wp-json\/wp\/v2\/users\/1"}],"replies":[{"embeddable":true,"href":"https:\/\/www.croosp.org.br\/index.php\/wp-json\/wp\/v2\/comments?post=2752"}],"version-history":[{"count":13,"href":"https:\/\/www.croosp.org.br\/index.php\/wp-json\/wp\/v2\/pages\/2752\/revisions"}],"predecessor-version":[{"id":3804,"href":"https:\/\/www.croosp.org.br\/index.php\/wp-json\/wp\/v2\/pages\/2752\/revisions\/3804"}],"wp:attachment":[{"href":"https:\/\/www.croosp.org.br\/index.php\/wp-json\/wp\/v2\/media?parent=2752"}],"curies":[{"name":"wp","href":"https:\/\/api.w.org\/{rel}","templated":true}]}}