



{"id":2731,"date":"2016-12-19T00:46:35","date_gmt":"2016-12-19T00:46:35","guid":{"rendered":"http:\/\/www.croosp.org.br\/novosite\/?page_id=2731"},"modified":"2025-11-02T22:24:08","modified_gmt":"2025-11-02T22:24:08","slug":"documentos","status":"publish","type":"page","link":"https:\/\/www.croosp.org.br\/index.php\/documentos\/","title":{"rendered":"Documentos"},"content":{"rendered":"<div class=\"docs\">\n<h1 class=\"titulo-secao\">DOCUMENTOS\u00a0PARA CONSULTA E DOWNLOAD<\/h1>\n<p>(basta abrir o link e baixar usando a op\u00e7\u00e3o de download do PDF )<\/p>\n<h2><span style=\"color: #ff6600;\"><strong>NOVO<\/strong><\/span><\/h2>\n<p>&#8211; <a href=\"http:\/\/www.croosp.org.br\/wp-content\/uploads\/2013\/04\/ADPF-131-DF.pdf\">ACORD\u00c3O ADPF 131<\/a><\/p>\n<p>&#8211;\u00a0<a href=\"http:\/\/www.croosp.org.br\/wp-content\/uploads\/2013\/04\/DECIS\u00c3O-EM-EMBARGO-DE-DECLARA\u00c7\u00c3O.pdf\">DECIS\u00c3O EM EMBARGO DE DECLARA\u00c7\u00c3O<\/a><\/p>\n<p>&#8211;\u00a0<a href=\"http:\/\/www.croosp.org.br\/wp-content\/uploads\/2013\/04\/CERTID\u00c3O-DO-TR\u00c2NSITO-EM-JULGADO.pdf\">CERTID\u00c3O DO TR\u00c2NSITO EM JULGADO<\/a><\/p>\n<p>&#8211;\u00a0<a href=\"http:\/\/www.croosp.org.br\/wp-content\/uploads\/2013\/04\/PORTARIA-CVS-6-\u2013-25.05.2025.pdf\">PORTARIA CVS 6 \u2013 25.05.2025<\/a><\/p>\n<p>&#8211; <a href=\"http:\/\/www.croosp.org.br\/wp-content\/uploads\/2013\/04\/ANEXO-II-ANVISA-2023-1.pdf\">OF\u00cdCIO CIRCULAR N\u00ba 4\/2023\/SEI\/GGTES\/DIRE3\/ANVISA<\/a><\/p>\n<\/div>\n<p>&nbsp;<\/p>\n<div class=\"docs\">\n<p><span style=\"color: #ff6600;\">DOCUMENTOS<\/span><\/p>\n<\/div>\n<div class=\"text-codigo\">\n<p>\u2013\u00a0<a class=\"fancybox-pdf\" href=\"http:\/\/www.croosp.org.br\/wp-content\/uploads\/2013\/04\/CLASSIFICACAOBRASILEIRADASOCUPACOES.pdf\" target=\"_blank\" rel=\"noopener noreferrer\">Descri\u00e7\u00e3o da Classifica\u00e7\u00e3o Brasileira das Ocupa\u00e7\u00f5es<\/a><\/p>\n<p>\u2013 <a class=\"fancybox-pdf\" href=\"http:\/\/www.croosp.org.br\/wp-content\/uploads\/2013\/04\/Aspectos-Juridicos.pdf\" target=\"_blank\" rel=\"noopener noreferrer\">Aspecto Juridicos Optometria<\/a><\/p>\n<p>\u2013 <a class=\"fancybox-pdf\" href=\"http:\/\/www.croosp.org.br\/wp-content\/uploads\/2013\/04\/OPTOMETRIAVISAOEENQUADRAMENTONODIREITO.pdf\" target=\"_blank\" rel=\"noopener noreferrer\">Optometria: vis\u00e3o e enquadramento no Direito<\/a><\/p>\n<p>\u2013 <a class=\"fancybox-pdf\" href=\"http:\/\/www.croosp.org.br\/wp-content\/uploads\/2013\/04\/DENTROOUFORADAOPTICA.pdf\" target=\"_blank\" rel=\"noopener noreferrer\">Dentro ou Fora da Optica<\/a><\/p>\n<p>\u2013\u00a0<a class=\"fancybox-pdf\" href=\"http:\/\/www.croosp.org.br\/wp-content\/uploads\/2013\/04\/AVDETRAN.pdf\" target=\"_blank\" rel=\"noopener noreferrer\">AV DETRAN<\/a><\/p>\n<p>\u2013\u00a0<a class=\"fancybox-pdf\" href=\"http:\/\/www.croosp.org.br\/wp-content\/uploads\/2013\/04\/AIMPORTANCIADARESPONSABILIDADETECNICA.pdf\" target=\"_blank\" rel=\"noopener noreferrer\">A IMPORT\u00c2NCIA DO RESPONSAVEL T\u00c9CNICO<\/a><\/p>\n<p>&#8211; <a href=\"http:\/\/www.croosp.org.br\/wp-content\/uploads\/2013\/04\/Lei-do-Ato-Medico.pdf\">LEI N\u00ba 12.842, DE 10 DE JULHO DE 2013 \u2013 Ato M\u00e9dico<\/a><\/p>\n<p>&#8211; <a href=\"http:\/\/www.croosp.org.br\/wp-content\/uploads\/2013\/04\/Vetos-a-Lei-do-Ato-Medico.pdf\">Justificativas do Veto \u2013 Ato M\u00e9dico<\/a><\/p>\n<p>&#8211; <a href=\"http:\/\/www.croosp.org.br\/wp-content\/uploads\/2013\/04\/Projeto-de-Lei.pdf\">Projeto de Lei Municipal<\/a><\/p>\n<p>&#8211; <a href=\"http:\/\/www.croosp.org.br\/wp-content\/uploads\/2013\/04\/Alvara-Gabinete-Optometrico-2016.pdf\">Alvar\u00e1 Gabinete Optom\u00e9trico 2016<\/a><\/p>\n<p><a href=\"http:\/\/www.croosp.org.br\/wp-content\/uploads\/2013\/04\/Construcao-de-Gabinete-MP.pdf\">&#8211; Regras VISA para constru\u00e7\u00e3o de Gabinete\u00a0<\/a><\/p>\n<p>&#8211; <a href=\"http:\/\/www.croosp.org.br\/wp-content\/uploads\/2013\/04\/Portaria-CVS-4-de-31032011.pdf\">Portaria Estadual VISA 04\/2011<\/a><\/p>\n<p>&#8211; <a href=\"http:\/\/www.croosp.org.br\/wp-content\/uploads\/2013\/04\/Anexo-I-Estabelecimentos-e-Equipamentos.pdf\">Anexo I &#8211; CVS &#8211; Estabelecimentos e Equipamentos de Assist\u00eancia e de Interesse \u00e0 Sa\u00fade<\/a><\/p>\n<p>&#8211; <a href=\"http:\/\/www.croosp.org.br\/wp-content\/uploads\/2013\/04\/Laudo_Pericial_Equipamentos_RO.pdf\">LAUDO PERICIAL &#8211; APARELHOS NAO PRIVATIVOS DE M\u00c9DICOS OFTALMOLOGISTAS<\/a><\/p>\n<p>&#8211; <a href=\"http:\/\/www.croosp.org.br\/wp-content\/uploads\/2013\/04\/manual_boas_praticas_optica-1.pdf\">MANUAL DE BOAS PR\u00c1TICA<\/a><\/p>\n<h2><\/h2>\n<\/div>\n","protected":false},"excerpt":{"rendered":"<p>DOCUMENTOS\u00a0PARA CONSULTA E DOWNLOAD (basta abrir o link e baixar usando a op\u00e7\u00e3o de download do PDF ) NOVO &#8211; ACORD\u00c3O ADPF 131 &#8211;\u00a0DECIS\u00c3O EM EMBARGO DE DECLARA\u00c7\u00c3O &#8211;\u00a0CERTID\u00c3O DO TR\u00c2NSITO EM JULGADO &#8211;\u00a0PORTARIA CVS 6 \u2013 25.05.2025 &#8211; OF\u00cdCIO CIRCULAR N\u00ba 4\/2023\/SEI\/GGTES\/DIRE3\/ANVISA &nbsp; DOCUMENTOS \u2013\u00a0Descri\u00e7\u00e3o da Classifica\u00e7\u00e3o Brasileira das Ocupa\u00e7\u00f5es \u2013 Aspecto Juridicos Optometria<\/p>\n","protected":false},"author":1,"featured_media":0,"parent":0,"menu_order":0,"comment_status":"closed","ping_status":"closed","template":"","meta":{"footnotes":""},"class_list":["post-2731","page","type-page","status-publish","hentry"],"_links":{"self":[{"href":"https:\/\/www.croosp.org.br\/index.php\/wp-json\/wp\/v2\/pages\/2731","targetHints":{"allow":["GET"]}}],"collection":[{"href":"https:\/\/www.croosp.org.br\/index.php\/wp-json\/wp\/v2\/pages"}],"about":[{"href":"https:\/\/www.croosp.org.br\/index.php\/wp-json\/wp\/v2\/types\/page"}],"author":[{"embeddable":true,"href":"https:\/\/www.croosp.org.br\/index.php\/wp-json\/wp\/v2\/users\/1"}],"replies":[{"embeddable":true,"href":"https:\/\/www.croosp.org.br\/index.php\/wp-json\/wp\/v2\/comments?post=2731"}],"version-history":[{"count":34,"href":"https:\/\/www.croosp.org.br\/index.php\/wp-json\/wp\/v2\/pages\/2731\/revisions"}],"predecessor-version":[{"id":5865,"href":"https:\/\/www.croosp.org.br\/index.php\/wp-json\/wp\/v2\/pages\/2731\/revisions\/5865"}],"wp:attachment":[{"href":"https:\/\/www.croosp.org.br\/index.php\/wp-json\/wp\/v2\/media?parent=2731"}],"curies":[{"name":"wp","href":"https:\/\/api.w.org\/{rel}","templated":true}]}}