



{"id":2654,"date":"2016-12-05T11:30:46","date_gmt":"2016-12-05T11:30:46","guid":{"rendered":"http:\/\/www.croosp.org.br\/novosite\/?page_id=2654"},"modified":"2025-06-25T18:35:46","modified_gmt":"2025-06-25T18:35:46","slug":"delegados","status":"publish","type":"page","link":"https:\/\/www.croosp.org.br\/index.php\/about\/delegados\/","title":{"rendered":"Delegados"},"content":{"rendered":"<p>[vc_row][vc_column width=&#8221;2\/3&#8243;]<h3 class=\"box_header page_margin_top\">Delegados Regionais que constituem o Conselho Superior:<\/h3><ul class=\"items_list page_margin_top clearfix\"><\/p>\n<table style=\"height: 334px;\" border=\"0\" width=\"687\" cellspacing=\"0\" cellpadding=\"0\">\n<colgroup>\n<col width=\"206\" \/>\n<col width=\"69\" \/>\n<col width=\"175\" \/>\n<col width=\"101\" \/><\/colgroup>\n<tbody>\n<tr>\n<td width=\"206\" height=\"29\"><strong>NOME<\/strong><\/td>\n<td width=\"69\"><strong>N\u00ba Registro<\/strong><\/td>\n<td width=\"175\"><strong>Regi\u00e3o<\/strong><\/td>\n<td width=\"101\"><strong>Contato<\/strong><\/td>\n<\/tr>\n<tr>\n<td width=\"206\" height=\"21\"><\/td>\n<td width=\"69\"><\/td>\n<td width=\"175\"><\/td>\n<td><\/td>\n<\/tr>\n<tr>\n<td width=\"206\" height=\"21\">\u00a0LILIANA APARECIDA CANDIDO<\/td>\n<td width=\"69\">01.1709<\/td>\n<td width=\"175\">S\u00e3o Paulo\/SP<\/td>\n<td>11-95798-0291<\/td>\n<\/tr>\n<tr>\n<td width=\"206\" height=\"21\"><\/td>\n<td width=\"69\"><\/td>\n<td width=\"175\"><\/td>\n<td><\/td>\n<\/tr>\n<tr>\n<td width=\"206\" height=\"21\"><\/td>\n<td width=\"69\"><\/td>\n<td width=\"175\"><\/td>\n<td><\/td>\n<\/tr>\n<tr>\n<td width=\"206\" height=\"21\"><\/td>\n<td width=\"69\"><\/td>\n<td width=\"175\"><\/td>\n<td><\/td>\n<\/tr>\n<tr>\n<td width=\"206\" height=\"21\"><\/td>\n<td width=\"69\"><\/td>\n<td width=\"175\"><\/td>\n<td><\/td>\n<\/tr>\n<tr>\n<td width=\"206\" height=\"21\"><\/td>\n<td width=\"69\"><\/td>\n<td width=\"175\"><\/td>\n<td><\/td>\n<\/tr>\n<\/tbody>\n<\/table>\n<p><\/ul>[vc_row_inner][vc_column_inner width=&#8221;1\/2&#8243;][vc_single_image image=&#8221;3162&#8243; img_size=&#8221;100&#215;100&#8243; add_caption=&#8221;yes&#8221; alignment=&#8221;right&#8221; style=&#8221;vc_box_shadow_3d&#8221; onclick=&#8221;custom_link&#8221; img_link_target=&#8221;_blank&#8221; css_animation=&#8221;left-to-right&#8221; link=&#8221;http:\/\/webmail.croosp.org.br&#8221;][\/vc_column_inner][vc_column_inner width=&#8221;1\/2&#8243;][vc_column_text]<\/p>\n<h3><\/h3>\n<h3><\/h3>\n<h3><a href=\"http:\/\/webmail.croosp.org.br\"><span style=\"color: #0000ff;\">Acesso ao Webmail<\/span><\/a><\/h3>\n<p>[\/vc_column_text][\/vc_column_inner][\/vc_row_inner][\/vc_column][vc_column width=&#8221;1\/3&#8243;]<div class=\"announcement clearfix page_margin_top_section\">\r\n\t\t\t\t\t<ul class=\"columns no_width\">\r\n\t\t\t\t\t\t<li class=\"column_left\"><h1>DISPOSI\u00c7\u00d5ES GERAIS<\/h1><\/p>\n<p><strong>O Delegado Regional designado, n\u00e3o receber\u00e1 quaisquer remunera\u00e7\u00e3o por estas atribui\u00e7\u00f5es, como regra geral em todas as participa\u00e7\u00f5es no CROO-SP.<\/strong><\/p>\n<p><strong>N\u00e3o podendo ainda, receber quaisquer valores em nome do CROO-SP e\/ou assumir compromissos, n\u00e3o constantes das atribui\u00e7\u00f5es citadas, e especificamente n\u00e3o podendo tamb\u00e9m, comprar, locar, qualquer bem ou contratar servi\u00e7os e\/ou funcion\u00e1rios em nome do CROO-SP. CONSELHO REGIONAL DE \u00d3PTICA E OPTOMETRIA DO ESTADO DE S\u00c3O PAULO<\/strong><\/p>\n<\/li><\/ul>\r\n\t\t\t<\/div>[\/vc_column][\/vc_row][vc_row][vc_column][vc_column_text]<\/p>\n<p>A Designa\u00e7\u00e3o do \u201cDelegado Regional\u201d est\u00e1 previsto nos estatutos dos CROOs \u2013 Cap\u00edtulo III Art. 26 e 27 \u2013 e \u00e9 unanimidade a necessidade de termos a figura do Delegado Regional. Essa figura \u00e9 indispens\u00e1vel, a atividades vitais de expans\u00e3o do quadro societ\u00e1rio, no encaminhamento de sugest\u00f5es e\/u den\u00fancias, do senso dos profissionais e estabelecimentos de \u00f3ptica, situa\u00e7\u00e3o da sua regi\u00e3o, e a defesa dos interesses da classe.<\/p>\n<p>Essa atitude faz parte de uma estrat\u00e9gia maior, do CROOSP se fazer presente, em todas as cidades do Estado de S\u00e3o Paulo, atuando de forma prof\u00edcua, al\u00e9m de trazer quadros que possam interagir com esta diretoria de forma din\u00e2mica, enriquecendo o debate e a luta por um reconhecimento maior da classe.<\/p>\n<p>Concomitante com o cargo de Delegado Regional se configura a figura do \u2013 Conselheiro \u2013 dando uma atribui\u00e7\u00e3o mais abrangente ao Delegado Regional.<\/p>\n<p>A presente regulamenta\u00e7\u00e3o tem por finalidade nortear o intra-relacionamento do CROO-SP:<\/p>\n<p>O Delegado Regional dever\u00e1 ser uma pessoa afinada com os objetivos colocados por esta diretoria, deve ter desprendimento, iniciativa, confiabilidade e conduta ilibada, A principio dever\u00e1 ser uma pessoa que j\u00e1 tenha uma representatividade natural perante os \u00d3pticos dessa micro-regi\u00e3o (que poder\u00e1 ser uma cidade ou um conjunto de cidades).<\/p>\n<p>A pr\u00e9-indica\u00e7\u00e3o para \u201cDelegado Regional\u201d, poder\u00e1 ser efetuada por qualquer \u00d3ptico, associado ou n\u00e3o. A partir de uma entrevista, o Diretor que formalizar uma indica\u00e7\u00e3o ou Delegado Regional (que tamb\u00e9m poder\u00e1 indicar) ser\u00e1 o respons\u00e1vel moral perante o corpo diretivo, al\u00e9m da fundamental supervis\u00e3o das atividades desse indicado.<\/p>\n<p>Cada Delegado diante a uma informa\u00e7\u00e3o, den\u00fancia, sugest\u00e3o ou pedido, dever\u00e1 levar direto e somente ao conhecimento do Diretor respons\u00e1vel pela \u00e1rea. Ao Diretor caber\u00e1 analisar, interpretar e solucionar. Caso o Diretor entenda que dever\u00e1 levar ao conhecimento dos demais diretores, poder\u00e1 incluir o assunto na pauta da pr\u00f3xima reuni\u00e3o de diretoria, e\/ou, em caso de urg\u00eancia levar ao conhecimento no Grupo de Diretores na Internet ou do presidente.<\/p>\n<p>Nenhum Diretor ficar\u00e1 respons\u00e1vel direto por um ou mais Delegados. Os diretores atrav\u00e9s do Grupo de Diretores na Internet devem expor suas metas, ficando a cargo do Diretor de Coordena\u00e7\u00e3o priorizar. A distribui\u00e7\u00e3o das tarefas ficar\u00e1 a cargo do Diretor da Pasta, com comunica\u00e7\u00e3o direta com os Delegados, procurando motivar e supervisionar suas atividades. A comunica\u00e7\u00e3o formal ser\u00e1 efetuada do Delegado para o Diretor, e este, utilizando os recursos dispon\u00edveis na central CROO-SP, enfatizando as ferramentas da Internet quando poss\u00edvel.<\/p>\n<p>As cidade com equival\u00eancia de 1 (um) Delegado para cada 100mil habitantes, poder\u00e1 ter mais de 1 (um) Delegado, com a valida\u00e7\u00e3o e consentimento do 1\u00b0 Delegado.<\/p>\n<p>Em caso de haver mais de uma proposi\u00e7\u00e3o dentro de uma mesma regi\u00e3o por ocasi\u00e3o da indica\u00e7\u00e3o, sendo que a cidade n\u00e3o comporte dois delegados nos moldes de equival\u00eancia, haver\u00e1 uma consulta via \u2013 Grupo de Diretores \u2013 para que esse desempate por maioria simples.<\/p>\n<p>A qualquer momento poder\u00e1 haver a impugna\u00e7\u00e3o ou descredenciamento desse candidato por parte dos Diretores e\/ou Presid\u00eancia, sem expor motivos.<\/p>\n<p>Em caso de ren\u00fancia, esta dever\u00e1 ser comunicada com um m\u00eas de anteced\u00eancia aos Diretores.<\/p>\n<p>A Delega\u00e7\u00e3o ter\u00e1 vig\u00eancia de 1 (um) ano, sendo renovada automaticamente.<\/p>\n<p>Os direitos e deveres do Delegado Regional s\u00e3o citados no documento: \u201cDelega\u00e7\u00e3o de Autoridade para Representa\u00e7\u00e3o Regional do CROO-SP\u201d.<\/p>\n<p>Nota: Em hip\u00f3tese alguma o Delegado Regional emitir\u00e1 documentos de filia\u00e7\u00e3o, bem como manuseio ou transporte de documento e valores; toda a transfer\u00eancia de valores dever\u00e1 ser feita diretamente pelo associado proponente, preferencialmente em banco, na conta do CROO-SP, cabendo ao Delegado Regional, meramente a intermedia\u00e7\u00e3o com o proponente ou associado. A emiss\u00e3o dos documentos de associado ser\u00e1 sempre atribui\u00e7\u00e3o do escrit\u00f3rio central do CROO-SP.<\/p>\n<p>O Delegado Regional ora em estabelecimento, dever\u00e1 ter acesso a este documento, bem como assinar um termo de compromisso (que antes de tudo \u00e9 um compromisso moral), de zelar pelo bom nome do CROO-SP, se comprometendo com o C\u00f3digo de \u00c9tica dos \u00d3pticos e Optometristas do Brasil, apoiar e buscar as metas colocadas pela Diretoria.<\/p>\n<p>A principio, essa delega\u00e7\u00e3o deve ser objeto de cerim\u00f4nia dentro de uma reuni\u00e3o regular de Diretoria.<\/p>\n<p>Em fun\u00e7\u00e3o de necessidades prementes, as Credenciais poder\u00e3o ser enviadas pelo correio, por\u00e9m o Delegado em pauta dever\u00e1 se apresentar pelo menos uma vez em reuni\u00e3o desta Diretoria, no primeiro semestre de vig\u00eancia dessa Delega\u00e7\u00e3o.<\/p>\n<p>Ap\u00f3s o recebimento dos documentos citados, dever\u00e1 ser emitido as credenciais que consta de um diploma e um crach\u00e1 constando explicitamente a vig\u00eancia dessa representa\u00e7\u00e3o, n\u00e3o inferior \u00e0 1 (um) ano; no verso deste crach\u00e1 constar\u00e1 a lista de atividades abrangidas por essa delega\u00e7\u00e3o.<\/p>\n<p>Haver\u00e1 um controle \u00fanico dos Delegados Regionais em lista eletr\u00f4nica, controlada por senhas do Presidente e Vice Presidente.<\/p>\n<p align=\"center\">Delega\u00e7\u00e3o de Autoridade para Representa\u00e7\u00e3o Regional do CROO-SP<br \/>\nDelegado Regional e Conselheiro do CROO-SP.<\/p>\n<p>O presente documento tem por finalidade: A Delega\u00e7\u00e3o de Autoridade para Representa\u00e7\u00e3o Regional do Conselho Regional de \u00d3ptica e Optometria \u2013 CROO-SP, atrav\u00e9s da designa\u00e7\u00e3o do mandato de Delegado Regional, cuja designa\u00e7\u00e3o\/aceita\u00e7\u00e3o se faz atrav\u00e9s do documento: Termo de Compromisso do Delegado Regional do CROO-SP.<\/p>\n<p>O cumprimento do mandato de Delegado Regional, e o desempenho das respectivas fun\u00e7\u00f5es, constituem relevantes servi\u00e7os prestados \u00e0 categoria profissional dos \u00d3pticos Optometristas e a Sociedade como um todo; o desempenho das fun\u00e7\u00f5es \u00e9 uma atividade nobre que necessita de abnega\u00e7\u00e3o e desprendimento, alta especialidade inerente \u00e1 profiss\u00e3o dos \u00d3pticos Optometristas.<\/p>\n<p>\u00c9 uma honraria, delegada em car\u00e1ter \u00fanico para a regi\u00e3o de sua jurisdi\u00e7\u00e3o, durante a vig\u00eancia do respectivo mandato. O Delegado Regional \u00e9 designado para representar o CROO-SP, atuar em car\u00e1ter administrativo e fiscalizador na \u00e1rea de sua designa\u00e7\u00e3o.<\/p>\n<p>S\u00e3o atribui\u00e7\u00f5es do Delegado Regional:<\/p>\n<p>I. Representar o CROO-SP junto a seus associados, autoridades e reparti\u00e7\u00f5es p\u00fablicas de sua \u00e1rea de jurisdi\u00e7\u00e3o no que lhe compete;<\/p>\n<p>II. Divulgar, cumprir e fazer cumprir o C\u00f3digo de \u00c9tica Profissional, manter conduta pontuada por elevado padr\u00e3o, \u00e9tico e moral;<\/p>\n<p>III. Buscar a filia\u00e7\u00e3o de novos associados;<\/p>\n<p>IV. Intermediar no relacionamento com o CROO-SP, na \u00e1rea de sua jurisdi\u00e7\u00e3o, quando solicitado pelos interessados;<\/p>\n<p>V. Intermediar no relacionamento com os interessados, na \u00e1rea de sua jurisdi\u00e7\u00e3o;<\/p>\n<p>VI. Colaborar com o CROO-SP no combate ao exerc\u00edcio ilegal da profiss\u00e3o;<\/p>\n<p>VII. Comunicar ao CROO-SP quaisquer irregularidades conflitantes, e ou prejudiciais \u00e0s atividades dos \u00d3pticos, Contat\u00f3logos e Optometristas;<\/p>\n<p>VIII. Colaborar na atualiza\u00e7\u00e3o de dados sobre os \u00d3pticos e \u00d3pticas \u2013 Gabinetes ou Centros de aten\u00e7\u00e3o visual (Contatologia ou exames da vis\u00e3o) na \u00e1rea de sua jurisdi\u00e7\u00e3o;<\/p>\n<p>IX. Divulgar os ideais, os atos e diretrizes do CROO-SP;<\/p>\n<p>X. Aconselhar a Diretoria;<\/p>\n<p>XI. Participar das Assembleias Gerais, discutindo e votando os assuntos tratados;<\/p>\n<p>XII. Exercer com dedica\u00e7\u00e3o o cargo para o qual foi designado.<\/p>\n<p>XIII. Realizar pelo menos 1 (uma) vez por ano, encontro dos Delegados para troca de informa\u00e7\u00f5es.<\/p>\n<p>XIV. Criar ou manter um Grupo on-line exclusivo dos Delegados.<\/p>\n<p>XV. Enviar relat\u00f3rio ao CROOSP das atividades a cada 6 (seis) meses.<\/p>\n<p>[\/vc_column_text][\/vc_column][\/vc_row]<\/p>\n","protected":false},"excerpt":{"rendered":"<p>[vc_row][vc_column width=&#8221;2\/3&#8243;][vc_row_inner][vc_column_inner width=&#8221;1\/2&#8243;][vc_single_image image=&#8221;3162&#8243; img_size=&#8221;100&#215;100&#8243; add_caption=&#8221;yes&#8221; alignment=&#8221;right&#8221; style=&#8221;vc_box_shadow_3d&#8221; onclick=&#8221;custom_link&#8221; img_link_target=&#8221;_blank&#8221; css_animation=&#8221;left-to-right&#8221; link=&#8221;http:\/\/webmail.croosp.org.br&#8221;][\/vc_column_inner][vc_column_inner width=&#8221;1\/2&#8243;][vc_column_text] Acesso ao Webmail [\/vc_column_text][\/vc_column_inner][\/vc_row_inner][\/vc_column][vc_column width=&#8221;1\/3&#8243;][\/vc_column][\/vc_row][vc_row][vc_column][vc_column_text] A Designa\u00e7\u00e3o do \u201cDelegado Regional\u201d est\u00e1 previsto nos estatutos dos CROOs \u2013 Cap\u00edtulo III Art. 26 e 27 \u2013 e \u00e9 unanimidade a necessidade de termos a figura do Delegado Regional. Essa figura \u00e9 indispens\u00e1vel, a atividades<\/p>\n","protected":false},"author":1,"featured_media":0,"parent":7,"menu_order":0,"comment_status":"closed","ping_status":"closed","template":"","meta":{"footnotes":""},"class_list":["post-2654","page","type-page","status-publish","hentry"],"_links":{"self":[{"href":"https:\/\/www.croosp.org.br\/index.php\/wp-json\/wp\/v2\/pages\/2654","targetHints":{"allow":["GET"]}}],"collection":[{"href":"https:\/\/www.croosp.org.br\/index.php\/wp-json\/wp\/v2\/pages"}],"about":[{"href":"https:\/\/www.croosp.org.br\/index.php\/wp-json\/wp\/v2\/types\/page"}],"author":[{"embeddable":true,"href":"https:\/\/www.croosp.org.br\/index.php\/wp-json\/wp\/v2\/users\/1"}],"replies":[{"embeddable":true,"href":"https:\/\/www.croosp.org.br\/index.php\/wp-json\/wp\/v2\/comments?post=2654"}],"version-history":[{"count":25,"href":"https:\/\/www.croosp.org.br\/index.php\/wp-json\/wp\/v2\/pages\/2654\/revisions"}],"predecessor-version":[{"id":5769,"href":"https:\/\/www.croosp.org.br\/index.php\/wp-json\/wp\/v2\/pages\/2654\/revisions\/5769"}],"up":[{"embeddable":true,"href":"https:\/\/www.croosp.org.br\/index.php\/wp-json\/wp\/v2\/pages\/7"}],"wp:attachment":[{"href":"https:\/\/www.croosp.org.br\/index.php\/wp-json\/wp\/v2\/media?parent=2654"}],"curies":[{"name":"wp","href":"https:\/\/api.w.org\/{rel}","templated":true}]}}